{"id":3620,"date":"2021-11-21T10:50:02","date_gmt":"2021-11-21T09:50:02","guid":{"rendered":"https:\/\/pecheursdeparis.fr\/?page_id=3620"},"modified":"2021-11-21T10:50:04","modified_gmt":"2021-11-21T09:50:04","slug":"operation-de-marquage-piscicole","status":"publish","type":"page","link":"https:\/\/pecheursdeparis.fr\/index.php\/operation-de-marquage-piscicole\/","title":{"rendered":"Op\u00e9ration de marquage piscicole"},"content":{"rendered":"\n<p>L&rsquo;UPP s&rsquo;associe \u00e0 la F\u00e9d\u00e9ration de P\u00eache de Paris et Petite Couronne ainsi qu&rsquo;avec d&rsquo;autres AAPPMA en Seine et en Marne pour la mise en place de bagues\/spaghettis sur des brochets et carpes afin de suivre leur d\u00e9placement et \u00e9volution.<\/p>\n\n\n\n<p><\/p>\n\n\n\n<p>Si vous attrapez l&rsquo;un de ses poissons, merci de respecter les consignes de l&rsquo;affiche ci-dessous et de nous tenir inform\u00e9 ainsi que la f\u00e9d\u00e9ration avec les informations li\u00e9es \u00e0 votre prise (un tirage au sort pourra vous faire gagner une carte de p\u00eache annuelle !!)<\/p>\n\n\n\n<figure class=\"wp-block-image size-large\"><img loading=\"lazy\" decoding=\"async\" width=\"725\" height=\"1024\" src=\"https:\/\/pecheursdeparis.fr\/wp-content\/uploads\/2021\/11\/Affiche-baguage-2021-725x1024.jpg\" alt=\"\" class=\"wp-image-3621\" srcset=\"https:\/\/pecheursdeparis.fr\/wp-content\/uploads\/2021\/11\/Affiche-baguage-2021-725x1024.jpg 725w, https:\/\/pecheursdeparis.fr\/wp-content\/uploads\/2021\/11\/Affiche-baguage-2021-212x300.jpg 212w, https:\/\/pecheursdeparis.fr\/wp-content\/uploads\/2021\/11\/Affiche-baguage-2021-768x1084.jpg 768w, https:\/\/pecheursdeparis.fr\/wp-content\/uploads\/2021\/11\/Affiche-baguage-2021-370x522.jpg 370w, https:\/\/pecheursdeparis.fr\/wp-content\/uploads\/2021\/11\/Affiche-baguage-2021-270x381.jpg 270w, https:\/\/pecheursdeparis.fr\/wp-content\/uploads\/2021\/11\/Affiche-baguage-2021-570x805.jpg 570w, https:\/\/pecheursdeparis.fr\/wp-content\/uploads\/2021\/11\/Affiche-baguage-2021-740x1045.jpg 740w, https:\/\/pecheursdeparis.fr\/wp-content\/uploads\/2021\/11\/Affiche-baguage-2021.jpg 1080w\" sizes=\"auto, (max-width: 725px) 100vw, 725px\" \/><\/figure>\n","protected":false},"excerpt":{"rendered":"<p>L&rsquo;UPP s&rsquo;associe \u00e0 la F\u00e9d\u00e9ration de P\u00eache de Paris et Petite Couronne ainsi qu&rsquo;avec d&rsquo;autres AAPPMA en Seine et en Marne pour la mise en place de bagues\/spaghettis sur des brochets et carpes afin de suivre leur d\u00e9placement et \u00e9volution. Si vous attrapez l&rsquo;un de ses poissons, merci de respecter les consignes de l&rsquo;affiche ci-dessous [&hellip;]<\/p>\n","protected":false},"author":4,"featured_media":3502,"parent":0,"menu_order":0,"comment_status":"closed","ping_status":"closed","template":"","meta":{"footnotes":""},"class_list":["post-3620","page","type-page","status-publish","has-post-thumbnail","hentry"],"_links":{"self":[{"href":"https:\/\/pecheursdeparis.fr\/index.php\/wp-json\/wp\/v2\/pages\/3620","targetHints":{"allow":["GET"]}}],"collection":[{"href":"https:\/\/pecheursdeparis.fr\/index.php\/wp-json\/wp\/v2\/pages"}],"about":[{"href":"https:\/\/pecheursdeparis.fr\/index.php\/wp-json\/wp\/v2\/types\/page"}],"author":[{"embeddable":true,"href":"https:\/\/pecheursdeparis.fr\/index.php\/wp-json\/wp\/v2\/users\/4"}],"replies":[{"embeddable":true,"href":"https:\/\/pecheursdeparis.fr\/index.php\/wp-json\/wp\/v2\/comments?post=3620"}],"version-history":[{"count":1,"href":"https:\/\/pecheursdeparis.fr\/index.php\/wp-json\/wp\/v2\/pages\/3620\/revisions"}],"predecessor-version":[{"id":3626,"href":"https:\/\/pecheursdeparis.fr\/index.php\/wp-json\/wp\/v2\/pages\/3620\/revisions\/3626"}],"wp:featuredmedia":[{"embeddable":true,"href":"https:\/\/pecheursdeparis.fr\/index.php\/wp-json\/wp\/v2\/media\/3502"}],"wp:attachment":[{"href":"https:\/\/pecheursdeparis.fr\/index.php\/wp-json\/wp\/v2\/media?parent=3620"}],"curies":[{"name":"wp","href":"https:\/\/api.w.org\/{rel}","templated":true}]}}