{"id":36,"date":"2020-02-25T00:01:09","date_gmt":"2020-02-24T23:01:09","guid":{"rendered":"http:\/\/new.pecheursdeparis.fr\/?page_id=36"},"modified":"2020-02-25T00:01:09","modified_gmt":"2020-02-24T23:01:09","slug":"reglementation","status":"publish","type":"page","link":"https:\/\/pecheursdeparis.fr\/index.php\/reglementation\/","title":{"rendered":"R\u00e9glementation"},"content":{"rendered":"\n<p><strong>R\u00e9glementation&nbsp;: Un livret \u00e0 imprimer<\/strong><\/p>\n\n\n\n<p>Voici un lien qui r\u00e9sume la r\u00e9glementation de la p\u00eache dans notre f\u00e9d\u00e9ration.<\/p>\n\n\n\n<p><a href=\"http:\/\/www.federation-peche-paris.fr\/808-reglementation.htm\">Cliquez-ici<\/a><\/p>\n\n\n\n<p>Elle est donc valable pour les d\u00e9partements 75, 92, 93 et 94.<\/p>\n\n\n\n<p>Publi\u00e9 le vendredi,21 octobre 2011 par UPP Admin<\/p>\n","protected":false},"excerpt":{"rendered":"<p>R\u00e9glementation&nbsp;: Un livret \u00e0 imprimer Voici un lien qui r\u00e9sume la r\u00e9glementation de la p\u00eache dans notre f\u00e9d\u00e9ration. Cliquez-ici Elle est donc valable pour les d\u00e9partements 75, 92, 93 et 94. Publi\u00e9 le vendredi,21 octobre 2011 par UPP Admin<\/p>\n","protected":false},"author":1,"featured_media":0,"parent":0,"menu_order":0,"comment_status":"closed","ping_status":"closed","template":"","meta":{"footnotes":""},"class_list":["post-36","page","type-page","status-publish","hentry"],"_links":{"self":[{"href":"https:\/\/pecheursdeparis.fr\/index.php\/wp-json\/wp\/v2\/pages\/36","targetHints":{"allow":["GET"]}}],"collection":[{"href":"https:\/\/pecheursdeparis.fr\/index.php\/wp-json\/wp\/v2\/pages"}],"about":[{"href":"https:\/\/pecheursdeparis.fr\/index.php\/wp-json\/wp\/v2\/types\/page"}],"author":[{"embeddable":true,"href":"https:\/\/pecheursdeparis.fr\/index.php\/wp-json\/wp\/v2\/users\/1"}],"replies":[{"embeddable":true,"href":"https:\/\/pecheursdeparis.fr\/index.php\/wp-json\/wp\/v2\/comments?post=36"}],"version-history":[{"count":1,"href":"https:\/\/pecheursdeparis.fr\/index.php\/wp-json\/wp\/v2\/pages\/36\/revisions"}],"predecessor-version":[{"id":41,"href":"https:\/\/pecheursdeparis.fr\/index.php\/wp-json\/wp\/v2\/pages\/36\/revisions\/41"}],"wp:attachment":[{"href":"https:\/\/pecheursdeparis.fr\/index.php\/wp-json\/wp\/v2\/media?parent=36"}],"curies":[{"name":"wp","href":"https:\/\/api.w.org\/{rel}","templated":true}]}}