{"id":3522,"date":"2020-11-28T17:23:27","date_gmt":"2020-11-28T16:23:27","guid":{"rendered":"http:\/\/new.pecheursdeparis.fr\/?page_id=3522"},"modified":"2020-11-28T17:23:29","modified_gmt":"2020-11-28T16:23:29","slug":"medias","status":"publish","type":"page","link":"https:\/\/pecheursdeparis.fr\/index.php\/medias\/","title":{"rendered":"M\u00e9dias"},"content":{"rendered":"\n<p>Retrouvez les articles de presse, reportages t\u00e9l\u00e9 et autres \u00e9missions qui parlent de la p\u00eache \u00e0 Paris, du street-fishing, de nos actions et plus globalement de notre lot : la Seine \u00e0 Paris<\/p>\n","protected":false},"excerpt":{"rendered":"<p>Retrouvez les articles de presse, reportages t\u00e9l\u00e9 et autres \u00e9missions qui parlent de la p\u00eache \u00e0 Paris, du street-fishing, de nos actions et plus globalement de notre lot : la Seine \u00e0 Paris<\/p>\n","protected":false},"author":4,"featured_media":0,"parent":0,"menu_order":0,"comment_status":"closed","ping_status":"closed","template":"","meta":{"footnotes":""},"class_list":["post-3522","page","type-page","status-publish","hentry"],"_links":{"self":[{"href":"https:\/\/pecheursdeparis.fr\/index.php\/wp-json\/wp\/v2\/pages\/3522","targetHints":{"allow":["GET"]}}],"collection":[{"href":"https:\/\/pecheursdeparis.fr\/index.php\/wp-json\/wp\/v2\/pages"}],"about":[{"href":"https:\/\/pecheursdeparis.fr\/index.php\/wp-json\/wp\/v2\/types\/page"}],"author":[{"embeddable":true,"href":"https:\/\/pecheursdeparis.fr\/index.php\/wp-json\/wp\/v2\/users\/4"}],"replies":[{"embeddable":true,"href":"https:\/\/pecheursdeparis.fr\/index.php\/wp-json\/wp\/v2\/comments?post=3522"}],"version-history":[{"count":1,"href":"https:\/\/pecheursdeparis.fr\/index.php\/wp-json\/wp\/v2\/pages\/3522\/revisions"}],"predecessor-version":[{"id":3528,"href":"https:\/\/pecheursdeparis.fr\/index.php\/wp-json\/wp\/v2\/pages\/3522\/revisions\/3528"}],"wp:attachment":[{"href":"https:\/\/pecheursdeparis.fr\/index.php\/wp-json\/wp\/v2\/media?parent=3522"}],"curies":[{"name":"wp","href":"https:\/\/api.w.org\/{rel}","templated":true}]}}