{"id":3493,"date":"2020-11-28T17:01:36","date_gmt":"2020-11-28T16:01:36","guid":{"rendered":"http:\/\/new.pecheursdeparis.fr\/?page_id=3493"},"modified":"2020-11-28T17:01:38","modified_gmt":"2020-11-28T16:01:38","slug":"animal-sauvage-blesse","status":"publish","type":"page","link":"https:\/\/pecheursdeparis.fr\/index.php\/animal-sauvage-blesse\/","title":{"rendered":"Animal sauvage bless\u00e9"},"content":{"rendered":"\n<p>Que faire lorsque vous trouvez un animal sauvage bless\u00e9 ou mal en point lors d\u2019une partie de p\u00eache ?<\/p>\n\n\n\n<p>Tout d\u2019abord, veuillez bien lire les recommandations du CEDAF, Centre d\u2019accueil de la faune sauvage de l\u2019Ecole v\u00e9t\u00e9rinaire d\u2019Alfort\u00a0:\u00a0<a href=\"https:\/\/www.faune-alfort.org\/informations-pratiques\/je-trouve-un-animal-que-faire\/\">https:\/\/www.faune-alfort.org\/informations-pratiques\/je-trouve-un-animal-que-faire\/<\/a><\/p>\n\n\n\n<p>Attention&nbsp;: il existe des situations o\u00f9 l\u2019animal sauvage n\u2019a en r\u00e9alit\u00e9 pas besoin de votre aide&nbsp;!<\/p>\n\n\n\n<p>Toutefois, si vous deviez transporter un animal sauvage bless\u00e9 \u00e0 un refuge, la structure habilit\u00e9e \u00e0 prendre en charge des animaux sauvages \u00e0 Paris Petite Couronne est le CEDAF&nbsp;:&nbsp;<a href=\"https:\/\/www.faune-alfort.org\/informations-pratiques\/deposer-un-animal-au-cedaf\/\">https:\/\/www.faune-alfort.org\/informations-pratiques\/deposer-un-animal-au-cedaf\/<\/a><\/p>\n\n\n\n<p>Rappel&nbsp;: L\u00e9galement parlant, la capture ou la d\u00e9tention m\u00eame transitoire des animaux sauvages par les particuliers ne sont pas autoris\u00e9es. N\u00e9anmoins, l\u2019instruction PN\/S2 n\u00b0933 du 14 mai 1993 pr\u00e9cise qu\u2019\u00aben cas d\u2019urgence et en l\u2019absence de meilleure solution, le transport sans formalit\u00e9 est admis s\u2019il est effectu\u00e9 dans les plus brefs d\u00e9lais et par l\u2019itin\u00e9raire le plus direct\u00bb vers une structure apte \u00e0 la prise en charge de l\u2019animal&nbsp;: le fait d\u2019envoyer un mail sur contactcedaf@gmail.com , de contacter un v\u00e9t\u00e9rinaire, la DRIEE IF (Direction R\u00e9gionale et Interd\u00e9partementale de l\u2019Environnement et de l\u2019Energie \u00cele-de-France) ou encore l\u2019OFB (Office Fran\u00e7ais de la Biodiversit\u00e9) avant le transport de l\u2019animal vers le CEDAF vous exon\u00e8re de tout soup\u00e7on de braconnage en cas de contr\u00f4le de police.<\/p>\n","protected":false},"excerpt":{"rendered":"<p>Que faire lorsque vous trouvez un animal sauvage bless\u00e9 ou mal en point lors d\u2019une partie de p\u00eache ? Tout d\u2019abord, veuillez bien lire les recommandations du CEDAF, Centre d\u2019accueil de la faune sauvage de l\u2019Ecole v\u00e9t\u00e9rinaire d\u2019Alfort\u00a0:\u00a0https:\/\/www.faune-alfort.org\/informations-pratiques\/je-trouve-un-animal-que-faire\/ Attention&nbsp;: il existe des situations o\u00f9 l\u2019animal sauvage n\u2019a en r\u00e9alit\u00e9 pas besoin de votre aide&nbsp;! Toutefois, [&hellip;]<\/p>\n","protected":false},"author":4,"featured_media":70,"parent":0,"menu_order":0,"comment_status":"closed","ping_status":"closed","template":"","meta":{"footnotes":""},"class_list":["post-3493","page","type-page","status-publish","has-post-thumbnail","hentry"],"_links":{"self":[{"href":"https:\/\/pecheursdeparis.fr\/index.php\/wp-json\/wp\/v2\/pages\/3493","targetHints":{"allow":["GET"]}}],"collection":[{"href":"https:\/\/pecheursdeparis.fr\/index.php\/wp-json\/wp\/v2\/pages"}],"about":[{"href":"https:\/\/pecheursdeparis.fr\/index.php\/wp-json\/wp\/v2\/types\/page"}],"author":[{"embeddable":true,"href":"https:\/\/pecheursdeparis.fr\/index.php\/wp-json\/wp\/v2\/users\/4"}],"replies":[{"embeddable":true,"href":"https:\/\/pecheursdeparis.fr\/index.php\/wp-json\/wp\/v2\/comments?post=3493"}],"version-history":[{"count":1,"href":"https:\/\/pecheursdeparis.fr\/index.php\/wp-json\/wp\/v2\/pages\/3493\/revisions"}],"predecessor-version":[{"id":3499,"href":"https:\/\/pecheursdeparis.fr\/index.php\/wp-json\/wp\/v2\/pages\/3493\/revisions\/3499"}],"wp:featuredmedia":[{"embeddable":true,"href":"https:\/\/pecheursdeparis.fr\/index.php\/wp-json\/wp\/v2\/media\/70"}],"wp:attachment":[{"href":"https:\/\/pecheursdeparis.fr\/index.php\/wp-json\/wp\/v2\/media?parent=3493"}],"curies":[{"name":"wp","href":"https:\/\/api.w.org\/{rel}","templated":true}]}}