{"id":2601,"date":"2020-03-03T22:04:20","date_gmt":"2020-03-03T21:04:20","guid":{"rendered":"http:\/\/new.pecheursdeparis.fr\/?page_id=2601"},"modified":"2020-03-03T22:04:21","modified_gmt":"2020-03-03T21:04:21","slug":"la-peche-a-paris-ou-pecher-2","status":"publish","type":"page","link":"https:\/\/pecheursdeparis.fr\/index.php\/la-peche-a-paris-ou-pecher-2\/","title":{"rendered":"La p\u00eache \u00e0 Paris &#8211; Ou p\u00eacher ?"},"content":{"rendered":"\n<p><strong>Le poisson est partout dans Paris&nbsp;!<\/strong><br>Toute rupture dans l&rsquo;environnement est un bon poste potentiel \u00e0 carnassier.<\/p>\n\n\n\n<p>Pensez surtout aux piles de pont, toujours excellentes, en amont et en aval. Il existe \u00e9galement de nombreux d\u00e9croch\u00e9s derri\u00e8re les ponts qui sont des terrains de chasse ou de repos privil\u00e9gi\u00e9s pour les poissons. Les enrochements de bords de Seine cachent souvent des perches, ainsi que les obstacles immerg\u00e9s&nbsp;: caddies, mobylettes, trottinettes, barri\u00e8res parisiennes&#8230; on trouve de tout dans la Seine et ce sont autant de caches (et malheureusement aussi de cimeti\u00e8res \u00e0 leurres). Si vous croisez une sortie d&rsquo;eau, n&rsquo;h\u00e9sitez pas \u00e0 y consacrer un peu de temps.<\/p>\n\n\n\n<p>A la belle saison, prospecter autour et dans les herbiers avec des techniques appropri\u00e9es pourra \u00eatre le pattern du jour. Et oui, il y a des herbiers \u00e0 Paris aussi&nbsp;!<\/p>\n\n\n\n<p>Enfin, les abords des p\u00e9niches sont souvent de bons repaires \u00e0 carnassiers. Nous vous demandons cependant de faire tr\u00e8s attention \u00e0 ne pas d\u00e9ranger les habitants (un morceau de plomb r\u00e9sonne tr\u00e8s fortement contre les coques), c&rsquo;est une simple question de respect&nbsp;! De plus, cela pourrait rapidement \u00e9courter votre session et compromettre d\u00e9finitivement la p\u00eache sur ce genre de poste.<\/p>\n\n\n\n<p>Bref, vous pourrez p\u00eacher un peu partout mais certains postes prometteurs sont pourtant peu recommand\u00e9s car situ\u00e9s trop en surplomb du fleuve. Privil\u00e9giez les postes o\u00f9 vous pourrez sans trop de souci attraper et rel\u00e2cher le poisson correctement, tout en garantissant votre s\u00e9curit\u00e9. Ne jouez pas \u00e0 Tarzan sur les \u00e9chelles m\u00e9talliques le long des quais parce que vous avez sous-estim\u00e9 la taille des poissons et utilis\u00e9 une ligne trop fine sur un poste en surplomb&nbsp;!<\/p>\n\n\n\n<p>Enfin, quelque soit votre zone du jour, vous risquez d&rsquo;y croiser des curieux. N&rsquo;oubliez pas qu&rsquo;\u00eatre aimable et, pourquoi pas, engager la discussion est bon pour l&rsquo;avenir de notre passion dans la capitale&nbsp;!<\/p>\n\n\n\n<p>\n\nEt on en profite pour nettoyer les berges et ramasser les d\u00e9chets&nbsp;:\n\n<\/p>\n\n\n\n<figure class=\"wp-block-embed-youtube wp-block-embed is-type-video is-provider-youtube wp-embed-aspect-16-9 wp-has-aspect-ratio\"><div class=\"wp-block-embed__wrapper\">\n<iframe loading=\"lazy\" width=\"770\" height=\"433\" src=\"https:\/\/www.youtube.com\/embed\/_Ykh9TV4hH8?start=73&#038;feature=oembed\" frameborder=\"0\" allow=\"accelerometer; autoplay; encrypted-media; gyroscope; picture-in-picture\" allowfullscreen><\/iframe>\n<\/div><\/figure>\n\n\n\n<p>Publi\u00e9 le lundi,10 octobre 2011 par UPP Admin<\/p>\n","protected":false},"excerpt":{"rendered":"<p>Le poisson est partout dans Paris&nbsp;!Toute rupture dans l&rsquo;environnement est un bon poste potentiel \u00e0 carnassier. Pensez surtout aux piles de pont, toujours excellentes, en amont et en aval. Il existe \u00e9galement de nombreux d\u00e9croch\u00e9s derri\u00e8re les ponts qui sont des terrains de chasse ou de repos privil\u00e9gi\u00e9s pour les poissons. Les enrochements de bords [&hellip;]<\/p>\n","protected":false},"author":1,"featured_media":0,"parent":0,"menu_order":0,"comment_status":"closed","ping_status":"closed","template":"","meta":{"footnotes":""},"class_list":["post-2601","page","type-page","status-publish","hentry"],"_links":{"self":[{"href":"https:\/\/pecheursdeparis.fr\/index.php\/wp-json\/wp\/v2\/pages\/2601","targetHints":{"allow":["GET"]}}],"collection":[{"href":"https:\/\/pecheursdeparis.fr\/index.php\/wp-json\/wp\/v2\/pages"}],"about":[{"href":"https:\/\/pecheursdeparis.fr\/index.php\/wp-json\/wp\/v2\/types\/page"}],"author":[{"embeddable":true,"href":"https:\/\/pecheursdeparis.fr\/index.php\/wp-json\/wp\/v2\/users\/1"}],"replies":[{"embeddable":true,"href":"https:\/\/pecheursdeparis.fr\/index.php\/wp-json\/wp\/v2\/comments?post=2601"}],"version-history":[{"count":1,"href":"https:\/\/pecheursdeparis.fr\/index.php\/wp-json\/wp\/v2\/pages\/2601\/revisions"}],"predecessor-version":[{"id":2602,"href":"https:\/\/pecheursdeparis.fr\/index.php\/wp-json\/wp\/v2\/pages\/2601\/revisions\/2602"}],"wp:attachment":[{"href":"https:\/\/pecheursdeparis.fr\/index.php\/wp-json\/wp\/v2\/media?parent=2601"}],"curies":[{"name":"wp","href":"https:\/\/api.w.org\/{rel}","templated":true}]}}