{"id":22,"date":"2020-02-24T23:45:08","date_gmt":"2020-02-24T22:45:08","guid":{"rendered":"http:\/\/new.pecheursdeparis.fr\/?page_id=22"},"modified":"2021-10-23T22:53:42","modified_gmt":"2021-10-23T20:53:42","slug":"la-carte-de-peche","status":"publish","type":"page","link":"https:\/\/pecheursdeparis.fr\/index.php\/la-carte-de-peche\/","title":{"rendered":"La carte de p\u00eache"},"content":{"rendered":"\n<p><strong>Comment obtenir une carte ?<\/strong><\/p>\n\n\n\n<p>Vous avez trois possibilit\u00e9s&nbsp;:<\/p>\n\n\n\n<h2 class=\"wp-block-heading\"><strong>1. Acheter votre carte chez un d\u00e9taillant.<\/strong><\/h2>\n\n\n\n<p>Ce sont des vendeurs d&rsquo;articles de p\u00eache qui acceptent de vendre nos cartes.<\/p>\n\n\n\n<p><strong>\u00ab\u00a0Giga P\u00eache\u00a0\u00bb<\/strong><\/p>\n\n\n\n<p>au 16, boulevard de Reuilly &#8211; 75012 PARIS Ouvert du mardi au samedi de 10h00 \u00e0 19h00<\/p>\n\n\n\n<p><a href=\"http:\/\/www.giga-peche.com\/\">http:\/\/www.giga-peche.com\/<\/a>&nbsp;T\u00e9l&nbsp;: 01 49 23 48 51 ou Mail&nbsp;: gigapeche.paris@gmail.com.<\/p>\n\n\n\n<h2 class=\"wp-block-heading\"><strong>2. Commander votre carte par courrier directement aupr\u00e8s de l&rsquo;association.<\/strong><\/h2>\n\n\n\n<p>Pour cela, calculez le montant de votre adh\u00e9sion (pour une carte personne majeure compl\u00e8te en 2020, il vous en co\u00fbtera 100\u20ac), \u00e9tablissez votre ch\u00e8que \u00e0 l&rsquo;ordre de l&rsquo;Union des P\u00eacheurs de Paris et ajoutez une enveloppe \u00e0 votre adresse, timbr\u00e9e au tarif courrier normal.<\/p>\n\n\n\n<p>Adressez le tout \u00e0&nbsp;: Union des P\u00eacheurs de Paris &#8211; Maison de la vie citoyenne du 16\u00e8me, 14 avenue Ren\u00e9 Boylesve, 75016, Paris<\/p>\n\n\n\n<p>Votre carte vous sera adress\u00e9e sous peu.<\/p>\n\n\n\n<h2 class=\"wp-block-heading\"><strong>3. Vous pouvez \u00e9galement acheter votre carte en ligne<\/strong><\/h2>\n\n\n\n<p>En choisissant l&rsquo;UPP dans la liste des AAPPMAs&nbsp;:&nbsp;<a href=\"http:\/\/www.cartedepeche.fr\/\">www.cartedepeche.fr<\/a><\/p>\n\n\n\n<p>Vous contribuez au gardiennage, protection des milieux aquatiques, rempoissonnements, projets de fray\u00e8res\/radeaux v\u00e9g\u00e9talis\u00e9s et animations en tout genre de l&rsquo;UPP (f\u00eate de la p\u00eache, p\u00eache de SDF, d&rsquo;enfants malades)<\/p>\n\n\n\n<p>Pour 2020, les prix sont indiqu\u00e9s sur le site cartedepeche.fr ou sur&nbsp;<a href=\"http:\/\/www.federation-peche-paris.fr\/805-cout-de-votre-adhesion.htm\">http:\/\/www.federation-peche-paris.fr\/805-cout-de-votre-adhesion.htm<\/a><\/p>\n\n\n\n<p>Publi\u00e9 le vendredi,21 octobre 2011 par UPP Admin<\/p>\n","protected":false},"excerpt":{"rendered":"<p>Comment obtenir une carte ? Vous avez trois possibilit\u00e9s&nbsp;: 1. Acheter votre carte chez un d\u00e9taillant. Ce sont des vendeurs d&rsquo;articles de p\u00eache qui acceptent de vendre nos cartes. \u00ab\u00a0Giga P\u00eache\u00a0\u00bb au 16, boulevard de Reuilly &#8211; 75012 PARIS Ouvert du mardi au samedi de 10h00 \u00e0 19h00 http:\/\/www.giga-peche.com\/&nbsp;T\u00e9l&nbsp;: 01 49 23 48 51 ou [&hellip;]<\/p>\n","protected":false},"author":1,"featured_media":0,"parent":0,"menu_order":0,"comment_status":"closed","ping_status":"closed","template":"","meta":{"footnotes":""},"class_list":["post-22","page","type-page","status-publish","hentry"],"_links":{"self":[{"href":"https:\/\/pecheursdeparis.fr\/index.php\/wp-json\/wp\/v2\/pages\/22","targetHints":{"allow":["GET"]}}],"collection":[{"href":"https:\/\/pecheursdeparis.fr\/index.php\/wp-json\/wp\/v2\/pages"}],"about":[{"href":"https:\/\/pecheursdeparis.fr\/index.php\/wp-json\/wp\/v2\/types\/page"}],"author":[{"embeddable":true,"href":"https:\/\/pecheursdeparis.fr\/index.php\/wp-json\/wp\/v2\/users\/1"}],"replies":[{"embeddable":true,"href":"https:\/\/pecheursdeparis.fr\/index.php\/wp-json\/wp\/v2\/comments?post=22"}],"version-history":[{"count":1,"href":"https:\/\/pecheursdeparis.fr\/index.php\/wp-json\/wp\/v2\/pages\/22\/revisions"}],"predecessor-version":[{"id":24,"href":"https:\/\/pecheursdeparis.fr\/index.php\/wp-json\/wp\/v2\/pages\/22\/revisions\/24"}],"wp:attachment":[{"href":"https:\/\/pecheursdeparis.fr\/index.php\/wp-json\/wp\/v2\/media?parent=22"}],"curies":[{"name":"wp","href":"https:\/\/api.w.org\/{rel}","templated":true}]}}